{"id":195,"date":"2017-05-25T17:56:30","date_gmt":"2017-05-25T15:56:30","guid":{"rendered":"https:\/\/www.giuseppemaiorca.it\/?page_id=195"},"modified":"2017-05-26T09:08:39","modified_gmt":"2017-05-26T07:08:39","slug":"recensioni","status":"publish","type":"page","link":"https:\/\/www.giuseppemaiorca.it\/index.php\/recensioni\/","title":{"rendered":"Recensioni"},"content":{"rendered":"<p><div  class=\"fusion-fullwidth fullwidth-box fusion-blend-mode nonhundred-percent-fullwidth\"  style='background-color: rgba(20,20,20,0);background-position: center center;background-repeat: no-repeat;padding-top:0px;padding-right:0px;padding-bottom:0px;padding-left:0px;'><div class=\"fusion-builder-row fusion-row \"><div  class=\"fusion-layout-column fusion_builder_column fusion_builder_column_1_1  fusion-one-full fusion-column-first fusion-column-last 1_1\"  style='margin-top:0px;margin-bottom:20px;'>\n\t\t\t\t\t<div class=\"fusion-column-wrapper\" style=\"background-position:left top;background-repeat:no-repeat;-webkit-background-size:cover;-moz-background-size:cover;-o-background-size:cover;background-size:cover;\"  data-bg-url=\"\">\n\t\t\t\t\t\t<div class=\"fusion-testimonials clean fusion-testimonials-1\" data-random=\"0\"><style type=\"text\/css\" scoped=\"scoped\">#fusion-testimonials-1 a{border-color:#ffffff;}#fusion-testimonials-1 a:hover, #fusion-testimonials-1 .activeSlide{background-color: #ffffff;}.fusion-testimonials.clean.fusion-testimonials-1 .author:after{border-top-color:#141414 !important;}<\/style><div class=\"reviews\"><div class=\"review avatar-image\"><div class=\"testimonial-thumbnail\"><img class=\"testimonial-image\" src=\"http:\/\/new.giuseppemaiorca.it\/wp-content\/uploads\/2017\/05\/apici_sx.png\" style=\"-webkit-border-radius: ;-moz-border-radius: ;border-radius: ;\" \/><\/div><blockquote style=\"background-color:#141414;\"><q style=\"background-color:#141414;color:#ffffff;\">\n<p>Giuseppe Maiorca \u00e8 non soltanto un artista particolarmente dotato; \u00e8 anche un uomo di cultura in continua ricerca, la cui curiosit\u00e0 intellettuale potrebbe servire di esempio&#8230;<br \/>\nAma la musica come pochi e suona con una semplicit\u00e0 ed una sincerit\u00e0 che \u00e8 la marca dei grandi.<\/p>\n<\/q><\/blockquote><div class=\"author\" style=\"color:#ffffff;\"><span class=\"company-name\"><strong>Aldo Ciccolini<\/strong><\/span><\/div><\/div><div class=\"review avatar-image\"><div class=\"testimonial-thumbnail\"><img class=\"testimonial-image\" src=\"http:\/\/new.giuseppemaiorca.it\/wp-content\/uploads\/2017\/05\/apici_sx.png\" style=\"-webkit-border-radius: ;-moz-border-radius: ;border-radius: ;\" \/><\/div><blockquote style=\"background-color:#141414;\"><q style=\"background-color:#141414;color:#ffffff;\">\n<p>Il pianista Giuseppe Maiorca, strumentista di sicuro talento, \u00e8 fornito di una eccellente musicalit\u00e0 unita ad una preparazione pianistica di notevole rilievo e comprovata seriet\u00e0 professionale.<br \/>\nSi pu\u00f2 quindi affermare che si distingue fra le promesse pi\u00f9 evidenti del concertismo italiano.<\/p>\n<\/q><\/blockquote><div class=\"author\" style=\"color:#ffffff;\"><span class=\"company-name\"><strong>Bruno Mezzena<\/strong><\/span><\/div><\/div><div class=\"review avatar-image\"><div class=\"testimonial-thumbnail\"><img class=\"testimonial-image\" src=\"http:\/\/new.giuseppemaiorca.it\/wp-content\/uploads\/2017\/05\/giornali_sx.png\" style=\"-webkit-border-radius: ;-moz-border-radius: ;border-radius: ;\" \/><\/div><blockquote style=\"background-color:#141414;\"><q style=\"background-color:#141414;color:#ffffff;\">\n<p>Il pianista Giuseppe Maiorca ha offerto all\u2019attenzione del pubblico una pregevolissima esecuzione delle Sonate di Beethoven in programma.<br \/>\nLa lettura beethoveniana \u00e8 stata improntata da una grande accuratezza e coerenza esecutiva. Una esecuzione solida e caratterizzata da un grande approfondimento e da un fraseggio curato e di ampio respiro.<br \/>\nHa colpito anche la cosiddetta orchestralit\u00e0 del pianismo di Giuseppe Maiorca il quale, grazie alla sua potenza, ha saputo far scaturire tutte le virtualit\u00e0 timbriche dallo srumento.<\/p>\n<\/q><\/blockquote><div class=\"author\" style=\"color:#ffffff;\"><span class=\"company-name\"><strong>Paola Besutti<\/strong>, <span>\u201cLa Gazzetta di Mantova\u201d<\/span><\/span><\/div><\/div><div class=\"review avatar-image\"><div class=\"testimonial-thumbnail\"><img class=\"testimonial-image\" src=\"http:\/\/new.giuseppemaiorca.it\/wp-content\/uploads\/2017\/05\/giornali_sx.png\" style=\"-webkit-border-radius: ;-moz-border-radius: ;border-radius: ;\" \/><\/div><blockquote style=\"background-color:#141414;\"><q style=\"background-color:#141414;color:#ffffff;\">\n<p>Le forze pianistiche pi\u00f9 autorevoli della Calabria hanno in Giuseppe Maiorca (difficilmente dimenticheremo il suo Brahms e il suo Rachmaninov all\u2019ultimo Festival di Zumaia) il portabandiera.<\/p>\n<\/q><\/blockquote><div class=\"author\" style=\"color:#ffffff;\"><span class=\"company-name\"><strong>Vassili D\u2019Arno<\/strong><\/span><\/div><\/div><div class=\"review avatar-image\"><div class=\"testimonial-thumbnail\"><img class=\"testimonial-image\" src=\"http:\/\/new.giuseppemaiorca.it\/wp-content\/uploads\/2017\/05\/giornali_sx.png\" style=\"-webkit-border-radius: ;-moz-border-radius: ;border-radius: ;\" \/><\/div><blockquote style=\"background-color:#141414;\"><q style=\"background-color:#141414;color:#ffffff;\">\n<p>L\u2019esecuzione di G. Maiorca, per la lucida precisione del suono e per la fluida levit\u00e0 del tocco, ha suscitato fra il pubblico entusiastici consensi.<\/p>\n<\/q><\/blockquote><div class=\"author\" style=\"color:#ffffff;\"><span class=\"company-name\"><strong>Gabriella De Falco<\/strong>, <span>\u201cIniziativa\u201d<\/span><\/span><\/div><\/div><div class=\"review avatar-image\"><div class=\"testimonial-thumbnail\"><img class=\"testimonial-image\" src=\"http:\/\/new.giuseppemaiorca.it\/wp-content\/uploads\/2017\/05\/giornali_sx.png\" style=\"-webkit-border-radius: ;-moz-border-radius: ;border-radius: ;\" \/><\/div><blockquote style=\"background-color:#141414;\"><q style=\"background-color:#141414;color:#ffffff;\">\n<p>Il pianista Giuseppe Maiorca si \u00e8 confermato interprete di straordinaria intelligenza musicale e di grande coerenza stilistica, offrendo al pubblico una lettura assai raffinata.<br \/>\nIn conclusione del concerto, l\u2019esecuzione calda ma pur sempre equilibrata della celeberrima \u201cRapsodia in blu\u201d, che ha sollevato l\u2019entusiasmo del pubblico.<\/p>\n<\/q><\/blockquote><div class=\"author\" style=\"color:#ffffff;\"><span class=\"company-name\"><span>\u201cL\u2019Ancora\u201d (1992)<\/span><\/span><\/div><\/div><div class=\"review avatar-image\"><div class=\"testimonial-thumbnail\"><img class=\"testimonial-image\" src=\"http:\/\/new.giuseppemaiorca.it\/wp-content\/uploads\/2017\/05\/giornali_sx.png\" style=\"-webkit-border-radius: ;-moz-border-radius: ;border-radius: ;\" \/><\/div><blockquote style=\"background-color:#141414;\"><q style=\"background-color:#141414;color:#ffffff;\">\n<p>I brani qui raccolti mostrano la loro levigata piacevolezza attraverso l\u2019efficace esecuzione del Duo Troiani \u2013 Maiorca, che ha saputo trovare un suono e un\u2019atmosfera particolarmente adatti alla moderata gioiosit\u00e0 di queste composizioni.<\/p>\n<\/q><\/blockquote><div class=\"author\" style=\"color:#ffffff;\"><span class=\"company-name\"><span>\u201cSyrinx\u201c del Compact Disk con la flautista D. Troiani (1992)<\/span><\/span><\/div><\/div><div class=\"review avatar-image\"><div class=\"testimonial-thumbnail\"><img class=\"testimonial-image\" src=\"http:\/\/new.giuseppemaiorca.it\/wp-content\/uploads\/2017\/05\/giornali_sx.png\" style=\"-webkit-border-radius: ;-moz-border-radius: ;border-radius: ;\" \/><\/div><blockquote style=\"background-color:#141414;\"><q style=\"background-color:#141414;color:#ffffff;\">\n<p>Ottima la prova del Duo pianistico Angela Annese \u2013 Giuseppe Maiorca, che specie in Milhaud ha sfoggiato grande padronanza nel cesellare ritmi e colori.<\/p>\n<\/q><\/blockquote><div class=\"author\" style=\"color:#ffffff;\"><span class=\"company-name\"><strong>Nicola Sbis\u00e0<\/strong>, <span>\u201cLa Gazzetta del Mezzogiorno\u201d<\/span><\/span><\/div><\/div><div class=\"review avatar-image\"><div class=\"testimonial-thumbnail\"><img class=\"testimonial-image\" src=\"http:\/\/new.giuseppemaiorca.it\/wp-content\/uploads\/2017\/05\/giornali_sx.png\" style=\"-webkit-border-radius: ;-moz-border-radius: ;border-radius: ;\" \/><\/div><blockquote style=\"background-color:#141414;\"><q style=\"background-color:#141414;color:#ffffff;\">\n<p>Ogni esecuzione dei brani in programma ha testimoniato quali siano i livelli della sua sensibilit\u00e0, della sua preparazione, del suo amore per la musica.<\/p>\n<\/q><\/blockquote><div class=\"author\" style=\"color:#ffffff;\"><span class=\"company-name\"><strong>Elvira Ursino<\/strong>, <span>\u201cLa Sicilia\u201d<\/span><\/span><\/div><\/div><div class=\"review avatar-image\"><div class=\"testimonial-thumbnail\"><img class=\"testimonial-image\" src=\"http:\/\/new.giuseppemaiorca.it\/wp-content\/uploads\/2017\/05\/giornali_sx.png\" style=\"-webkit-border-radius: ;-moz-border-radius: ;border-radius: ;\" \/><\/div><blockquote style=\"background-color:#141414;\"><q style=\"background-color:#141414;color:#ffffff;\">\n<p>I \u201cQuadri di un\u2019esposizione\u201d sono stati eseguiti magistralmente dal maestro Giuseppe Maiorca, molto apprezzato in Europa per l\u2019intensa attivit\u00e0 come docente in stages internazionali.<\/p>\n<\/q><\/blockquote><div class=\"author\" style=\"color:#ffffff;\"><span class=\"company-name\"><strong>Tiziana Ruffo<\/strong>, <span>\u201cIl Quotidiano\u201d<\/span><\/span><\/div><\/div><div class=\"review avatar-image\"><div class=\"testimonial-thumbnail\"><img class=\"testimonial-image\" src=\"http:\/\/new.giuseppemaiorca.it\/wp-content\/uploads\/2017\/05\/giornali_sx.png\" style=\"-webkit-border-radius: ;-moz-border-radius: ;border-radius: ;\" \/><\/div><blockquote style=\"background-color:#141414;\"><q style=\"background-color:#141414;color:#ffffff;\">\n<p>Tout le lyrisme de la musique italienne. Prodigeux en tant que soliste, le pianiste Giuseppe Maiorca a d\u00e9montr\u00e9 qu\u2019il est \u00e9galement un excellente duettiste, r\u00e9pondant \u00e0 l\u2019archet dans une Sonate de Castelnuovo-Tedesco, et qu\u2019il sait s\u2019immiscer dans le Quintette de Martucci.<\/p>\n<\/q><\/blockquote><div class=\"author\" style=\"color:#ffffff;\"><span class=\"company-name\"><strong>Your Content Goes Here<\/strong>, <span>\u201cLa Presse\u201d<\/span><\/span><\/div><\/div><div class=\"review avatar-image\"><div class=\"testimonial-thumbnail\"><img class=\"testimonial-image\" src=\"http:\/\/new.giuseppemaiorca.it\/wp-content\/uploads\/2017\/05\/giornali_sx.png\" style=\"-webkit-border-radius: ;-moz-border-radius: ;border-radius: ;\" \/><\/div><blockquote style=\"background-color:#141414;\"><q style=\"background-color:#141414;color:#ffffff;\">\n<p>Un programma ricercato, con compositori, in particolare Chausson, poco conosciuti ed eseguiti, che ha ricevuto l\u2019applauso caloroso del pubblico in sala, rapito dal tocco elegante e fluido di Giuseppe Maiorca.<\/p>\n<\/q><\/blockquote><div class=\"author\" style=\"color:#ffffff;\"><span class=\"company-name\"><strong>Edvige Vitaliano<\/strong><\/span><\/div><\/div><div class=\"review avatar-image\"><div class=\"testimonial-thumbnail\"><img class=\"testimonial-image\" src=\"http:\/\/new.giuseppemaiorca.it\/wp-content\/uploads\/2017\/05\/giornali_sx.png\" style=\"-webkit-border-radius: ;-moz-border-radius: ;border-radius: ;\" \/><\/div><blockquote style=\"background-color:#141414;\"><q style=\"background-color:#141414;color:#ffffff;\">\n<p>Giuseppe Maiorca riesce ad abbinare capacit\u00e0 di abile animatore culturale alle riconosciute doti di pianista: un pianista che associa ad uno scintillante virtuosismo, in grado di dominare ed infiammare le partiture pi\u00f9 ardimentose, una appassionata e trascinante forza di coinvolgimento emotivo.<\/p>\n<\/q><\/blockquote><div class=\"author\" style=\"color:#ffffff;\"><span class=\"company-name\"><strong>Mauro Giancaspro<\/strong>, <span>\u201cL\u2019Inserto di Calabria\u201d<\/span><\/span><\/div><\/div><\/div><div class=\"testimonial-pagination\" id=\"fusion-testimonials-1\"><\/div><\/div><div class=\"fusion-clearfix\"><\/div>\n\n\t\t\t\t\t<\/div>\n\t\t\t\t<\/div><\/div><\/div><\/p>","protected":false},"excerpt":{"rendered":"","protected":false},"author":1,"featured_media":0,"parent":0,"menu_order":0,"comment_status":"closed","ping_status":"closed","template":"","meta":[],"yoast_head":"<!-- This site is optimized with the Yoast SEO plugin v18.4.1 - https:\/\/yoast.com\/wordpress\/plugins\/seo\/ -->\n<title>Recensioni - Giuseppe Maiorca<\/title>\n<meta name=\"robots\" content=\"index, follow, max-snippet:-1, max-image-preview:large, max-video-preview:-1\" \/>\n<link rel=\"canonical\" href=\"https:\/\/www.giuseppemaiorca.it\/index.php\/recensioni\/\" \/>\n<meta property=\"og:locale\" content=\"it_IT\" \/>\n<meta property=\"og:type\" content=\"article\" \/>\n<meta property=\"og:title\" content=\"[:it]Recensioni[:] - Giuseppe Maiorca\" \/>\n<meta property=\"og:url\" content=\"https:\/\/www.giuseppemaiorca.it\/index.php\/recensioni\/\" \/>\n<meta property=\"og:site_name\" content=\"Giuseppe Maiorca\" \/>\n<meta property=\"article:modified_time\" content=\"2017-05-26T07:08:39+00:00\" \/>\n<meta name=\"twitter:card\" content=\"summary\" \/>\n<meta name=\"twitter:site\" content=\"@maiorcapianist\" \/>\n<meta name=\"twitter:label1\" content=\"Tempo di lettura stimato\" \/>\n\t<meta name=\"twitter:data1\" content=\"5 minuti\" \/>\n<script type=\"application\/ld+json\" class=\"yoast-schema-graph\">{\"@context\":\"https:\/\/schema.org\",\"@graph\":[{\"@type\":[\"Person\",\"Organization\"],\"@id\":\"https:\/\/www.giuseppemaiorca.it\/#\/schema\/person\/f40e051158026a854f89926bc0b82af8\",\"name\":\"admin\",\"image\":{\"@type\":\"ImageObject\",\"@id\":\"https:\/\/www.giuseppemaiorca.it\/#personlogo\",\"inLanguage\":\"it-IT\",\"url\":\"https:\/\/www.giuseppemaiorca.it\/wp-content\/uploads\/2017\/05\/repertorio.jpg\",\"contentUrl\":\"https:\/\/www.giuseppemaiorca.it\/wp-content\/uploads\/2017\/05\/repertorio.jpg\",\"width\":1920,\"height\":1079,\"caption\":\"admin\"},\"logo\":{\"@id\":\"https:\/\/www.giuseppemaiorca.it\/#personlogo\"}},{\"@type\":\"WebSite\",\"@id\":\"https:\/\/www.giuseppemaiorca.it\/#website\",\"url\":\"https:\/\/www.giuseppemaiorca.it\/\",\"name\":\"Giuseppe Maiorca\",\"description\":\"Un nuovo sito targato WordPress\",\"publisher\":{\"@id\":\"https:\/\/www.giuseppemaiorca.it\/#\/schema\/person\/f40e051158026a854f89926bc0b82af8\"},\"potentialAction\":[{\"@type\":\"SearchAction\",\"target\":{\"@type\":\"EntryPoint\",\"urlTemplate\":\"https:\/\/www.giuseppemaiorca.it\/?s={search_term_string}\"},\"query-input\":\"required name=search_term_string\"}],\"inLanguage\":\"it-IT\"},{\"@type\":\"WebPage\",\"@id\":\"https:\/\/www.giuseppemaiorca.it\/index.php\/recensioni\/#webpage\",\"url\":\"https:\/\/www.giuseppemaiorca.it\/index.php\/recensioni\/\",\"name\":\"[:it]Recensioni[:] - Giuseppe Maiorca\",\"isPartOf\":{\"@id\":\"https:\/\/www.giuseppemaiorca.it\/#website\"},\"datePublished\":\"2017-05-25T15:56:30+00:00\",\"dateModified\":\"2017-05-26T07:08:39+00:00\",\"breadcrumb\":{\"@id\":\"https:\/\/www.giuseppemaiorca.it\/index.php\/recensioni\/#breadcrumb\"},\"inLanguage\":\"it-IT\",\"potentialAction\":[{\"@type\":\"ReadAction\",\"target\":[\"https:\/\/www.giuseppemaiorca.it\/index.php\/recensioni\/\"]}]},{\"@type\":\"BreadcrumbList\",\"@id\":\"https:\/\/www.giuseppemaiorca.it\/index.php\/recensioni\/#breadcrumb\",\"itemListElement\":[{\"@type\":\"ListItem\",\"position\":1,\"name\":\"Home\",\"item\":\"https:\/\/www.giuseppemaiorca.it\/\"},{\"@type\":\"ListItem\",\"position\":2,\"name\":\"Recensioni\"}]}]}<\/script>\n<!-- \/ Yoast SEO plugin. -->","yoast_head_json":{"title":"[:it]Recensioni[:] - Giuseppe Maiorca","robots":{"index":"index","follow":"follow","max-snippet":"max-snippet:-1","max-image-preview":"max-image-preview:large","max-video-preview":"max-video-preview:-1"},"canonical":"https:\/\/www.giuseppemaiorca.it\/index.php\/recensioni\/","og_locale":"it_IT","og_type":"article","og_title":"[:it]Recensioni[:] - Giuseppe Maiorca","og_url":"https:\/\/www.giuseppemaiorca.it\/index.php\/recensioni\/","og_site_name":"Giuseppe Maiorca","article_modified_time":"2017-05-26T07:08:39+00:00","twitter_card":"summary","twitter_site":"@maiorcapianist","twitter_misc":{"Tempo di lettura stimato":"5 minuti"},"schema":{"@context":"https:\/\/schema.org","@graph":[{"@type":["Person","Organization"],"@id":"https:\/\/www.giuseppemaiorca.it\/#\/schema\/person\/f40e051158026a854f89926bc0b82af8","name":"admin","image":{"@type":"ImageObject","@id":"https:\/\/www.giuseppemaiorca.it\/#personlogo","inLanguage":"it-IT","url":"https:\/\/www.giuseppemaiorca.it\/wp-content\/uploads\/2017\/05\/repertorio.jpg","contentUrl":"https:\/\/www.giuseppemaiorca.it\/wp-content\/uploads\/2017\/05\/repertorio.jpg","width":1920,"height":1079,"caption":"admin"},"logo":{"@id":"https:\/\/www.giuseppemaiorca.it\/#personlogo"}},{"@type":"WebSite","@id":"https:\/\/www.giuseppemaiorca.it\/#website","url":"https:\/\/www.giuseppemaiorca.it\/","name":"Giuseppe Maiorca","description":"Un nuovo sito targato WordPress","publisher":{"@id":"https:\/\/www.giuseppemaiorca.it\/#\/schema\/person\/f40e051158026a854f89926bc0b82af8"},"potentialAction":[{"@type":"SearchAction","target":{"@type":"EntryPoint","urlTemplate":"https:\/\/www.giuseppemaiorca.it\/?s={search_term_string}"},"query-input":"required name=search_term_string"}],"inLanguage":"it-IT"},{"@type":"WebPage","@id":"https:\/\/www.giuseppemaiorca.it\/index.php\/recensioni\/#webpage","url":"https:\/\/www.giuseppemaiorca.it\/index.php\/recensioni\/","name":"[:it]Recensioni[:] - Giuseppe Maiorca","isPartOf":{"@id":"https:\/\/www.giuseppemaiorca.it\/#website"},"datePublished":"2017-05-25T15:56:30+00:00","dateModified":"2017-05-26T07:08:39+00:00","breadcrumb":{"@id":"https:\/\/www.giuseppemaiorca.it\/index.php\/recensioni\/#breadcrumb"},"inLanguage":"it-IT","potentialAction":[{"@type":"ReadAction","target":["https:\/\/www.giuseppemaiorca.it\/index.php\/recensioni\/"]}]},{"@type":"BreadcrumbList","@id":"https:\/\/www.giuseppemaiorca.it\/index.php\/recensioni\/#breadcrumb","itemListElement":[{"@type":"ListItem","position":1,"name":"Home","item":"https:\/\/www.giuseppemaiorca.it\/"},{"@type":"ListItem","position":2,"name":"Recensioni"}]}]}},"_links":{"self":[{"href":"https:\/\/www.giuseppemaiorca.it\/index.php\/wp-json\/wp\/v2\/pages\/195"}],"collection":[{"href":"https:\/\/www.giuseppemaiorca.it\/index.php\/wp-json\/wp\/v2\/pages"}],"about":[{"href":"https:\/\/www.giuseppemaiorca.it\/index.php\/wp-json\/wp\/v2\/types\/page"}],"author":[{"embeddable":true,"href":"https:\/\/www.giuseppemaiorca.it\/index.php\/wp-json\/wp\/v2\/users\/1"}],"replies":[{"embeddable":true,"href":"https:\/\/www.giuseppemaiorca.it\/index.php\/wp-json\/wp\/v2\/comments?post=195"}],"version-history":[{"count":7,"href":"https:\/\/www.giuseppemaiorca.it\/index.php\/wp-json\/wp\/v2\/pages\/195\/revisions"}],"predecessor-version":[{"id":204,"href":"https:\/\/www.giuseppemaiorca.it\/index.php\/wp-json\/wp\/v2\/pages\/195\/revisions\/204"}],"wp:attachment":[{"href":"https:\/\/www.giuseppemaiorca.it\/index.php\/wp-json\/wp\/v2\/media?parent=195"}],"curies":[{"name":"wp","href":"https:\/\/api.w.org\/{rel}","templated":true}]}}